{"id":31,"date":"2021-11-10T13:29:44","date_gmt":"2021-11-10T16:29:44","guid":{"rendered":"https:\/\/sied.unt.edu.ar\/?page_id=31"},"modified":"2023-08-03T11:51:47","modified_gmt":"2023-08-03T14:51:47","slug":"contacto","status":"publish","type":"page","link":"https:\/\/sied.unt.edu.ar\/?page_id=31","title":{"rendered":"Contacto"},"content":{"rendered":"\r\n<p>Correo electr\u00f3nico: sied@webmail.unt.edu.ar<\/p>\r\n<br\/><p>Tel\u00e9fono: (0381) 4245904 &#8211; 4245897<\/p>\r\n<br\/><p>Direcci\u00f3n: Lamadrid 377 &#8211; 2\u00ba A &#8211; San Miguel de Tucum\u00e1n &#8211; Tucum\u00e1n &#8211; Argentina.<\/p>\r\n","protected":false},"excerpt":{"rendered":"<p>Correo electr\u00f3nico: sied@webmail.unt.edu.ar Tel\u00e9fono: (0381) 4245904 &#8211; 4245897 Direcci\u00f3n: Lamadrid 377 &#8211; 2\u00ba A &#8211; San Miguel de Tucum\u00e1n &#8211; Tucum\u00e1n &#8211; Argentina.<\/p>\n","protected":false},"author":1,"featured_media":0,"parent":0,"menu_order":0,"comment_status":"closed","ping_status":"closed","template":"","meta":{"footnotes":""},"_links":{"self":[{"href":"https:\/\/sied.unt.edu.ar\/index.php?rest_route=\/wp\/v2\/pages\/31"}],"collection":[{"href":"https:\/\/sied.unt.edu.ar\/index.php?rest_route=\/wp\/v2\/pages"}],"about":[{"href":"https:\/\/sied.unt.edu.ar\/index.php?rest_route=\/wp\/v2\/types\/page"}],"author":[{"embeddable":true,"href":"https:\/\/sied.unt.edu.ar\/index.php?rest_route=\/wp\/v2\/users\/1"}],"replies":[{"embeddable":true,"href":"https:\/\/sied.unt.edu.ar\/index.php?rest_route=%2Fwp%2Fv2%2Fcomments&post=31"}],"version-history":[{"count":4,"href":"https:\/\/sied.unt.edu.ar\/index.php?rest_route=\/wp\/v2\/pages\/31\/revisions"}],"predecessor-version":[{"id":156,"href":"https:\/\/sied.unt.edu.ar\/index.php?rest_route=\/wp\/v2\/pages\/31\/revisions\/156"}],"wp:attachment":[{"href":"https:\/\/sied.unt.edu.ar\/index.php?rest_route=%2Fwp%2Fv2%2Fmedia&parent=31"}],"curies":[{"name":"wp","href":"https:\/\/api.w.org\/{rel}","templated":true}]}}